{"id":10164,"date":"2022-09-28T09:41:29","date_gmt":"2022-09-28T09:41:29","guid":{"rendered":"https:\/\/monstainfinite.com\/?page_id=10164"},"modified":"2023-01-12T20:19:39","modified_gmt":"2023-01-12T12:19:39","slug":"payment-terms-and-conditions","status":"publish","type":"page","link":"https:\/\/monstainfinite.com\/es\/payment-terms-and-conditions\/","title":{"rendered":"Payment Terms and Conditions"},"content":{"rendered":"<div data-elementor-type=\"wp-page\" data-elementor-id=\"10164\" class=\"elementor elementor-10164\">\n\t\t\t\t\t\t\t\t\t<section class=\"elementor-section elementor-top-section elementor-element elementor-element-8e47172 elementor-section-full_width elementor-section-height-min-height elementor-section-content-middle elementor-section-height-default elementor-section-items-middle\" data-id=\"8e47172\" data-element_type=\"section\" data-settings=\"{&quot;background_background&quot;:&quot;classic&quot;}\" data-e-bg-lazyload=\"\">\n\t\t\t\t\t\t\t<div class=\"elementor-background-overlay\"><\/div>\n\t\t\t\t\t\t\t<div class=\"elementor-container elementor-column-gap-no\">\n\t\t\t\t\t<div class=\"elementor-column elementor-col-100 elementor-top-column elementor-element elementor-element-0e38494\" data-id=\"0e38494\" data-element_type=\"column\">\n\t\t\t<div class=\"elementor-widget-wrap elementor-element-populated\">\n\t\t\t\t\t\t\t\t<div class=\"elementor-element elementor-element-4fbbae2 elementor-widget elementor-widget-heading\" data-id=\"4fbbae2\" data-element_type=\"widget\" data-widget_type=\"heading.default\">\n\t\t\t\t<div class=\"elementor-widget-container\">\n\t\t\t<h1 class=\"elementor-heading-title elementor-size-default\">T\u00e9rminos y Condiciones de Pago<\/h1>\t\t<\/div>\n\t\t\t\t<\/div>\n\t\t\t\t\t<\/div>\n\t\t<\/div>\n\t\t\t\t\t\t\t<\/div>\n\t\t<\/section>\n\t\t\t\t<section class=\"elementor-section elementor-top-section elementor-element elementor-element-aacd08e elementor-section-full_width elementor-hidden-desktop elementor-hidden-tablet elementor-hidden-mobile elementor-section-height-default elementor-section-height-default\" data-id=\"aacd08e\" data-element_type=\"section\">\n\t\t\t\t\t\t<div class=\"elementor-container elementor-column-gap-no\">\n\t\t\t\t\t<div class=\"elementor-column elementor-col-100 elementor-top-column elementor-element elementor-element-52dd14b\" data-id=\"52dd14b\" data-element_type=\"column\">\n\t\t\t<div class=\"elementor-widget-wrap elementor-element-populated\">\n\t\t\t\t\t\t\t\t<section class=\"elementor-section elementor-inner-section elementor-element elementor-element-4b96629 elementor-section-full_width elementor-section-height-default elementor-section-height-default\" data-id=\"4b96629\" data-element_type=\"section\">\n\t\t\t\t\t\t<div class=\"elementor-container elementor-column-gap-default\">\n\t\t\t\t\t<div class=\"elementor-column elementor-col-100 elementor-inner-column elementor-element elementor-element-483905a\" data-id=\"483905a\" data-element_type=\"column\">\n\t\t\t<div class=\"elementor-widget-wrap elementor-element-populated\">\n\t\t\t\t\t\t\t\t<div class=\"elementor-element elementor-element-e0452dc elementor-widget elementor-widget-heading\" data-id=\"e0452dc\" data-element_type=\"widget\" data-widget_type=\"heading.default\">\n\t\t\t\t<div class=\"elementor-widget-container\">\n\t\t\t<h2 class=\"elementor-heading-title elementor-size-default\">1. TERMINOS Y CONDICIONES DE ARTICULOS DE JUEGO<\/h2>\t\t<\/div>\n\t\t\t\t<\/div>\n\t\t\t\t<div class=\"elementor-element elementor-element-4baff5c elementor-widget elementor-widget-text-editor\" data-id=\"4baff5c\" data-element_type=\"widget\" data-widget_type=\"text-editor.default\">\n\t\t\t\t<div class=\"elementor-widget-container\">\n\t\t\t\t\t\t\t<ol type=\"A\">\n \t<li class=\" translation-block\">Cada cuenta <span class=\"monsta-highlighted\">est\u00e1 sujeta a solo 1 compra<\/span> de paquete de Fortune Crates.<\/li>\n \t<li>Cada venta est\u00e1 limitada a una cantidad definida de Fortune Crates. No existir\u00e1n ventas por fuera a esta cantidad predefinida en el periodo.<\/li>\n \t<li>Todas las transacciones ser\u00e1n realizadas con NowPayment. Cualquier perdida de activos debido al uso de otro m\u00e9todo de pago eximen a Monsta Infinite de cualquier responsabilidad.<\/li>\n \t<li>Monsta Infinite no ser\u00e1 responsable por p\u00e9rdidas de criptoactivos o moneda fiat relacionada a inversiones realizadas en Fortune Crates. Haz tu propia investigaci\u00f3n antes de adquirirlas.<\/li>\n \t<li>La preventa o venta estacional de Fortune Crates ser\u00e1 conducida en base a las necesidades de Monsta Infinite, incluyendo pero no limitando al Marketplace y TapWar.<\/li>\n \t<li>No tomaremos partida en ventas por terceros de Fortune Crates que no son los mencionados previamente arriba.<\/li>\n \t<li>Desp\u00faes de completar tu compra de forma exitosa, las Fortune Crates estar\u00e1n disponibles en tu cuenta del juego.<\/li>\n \t<li>Cualquier inconveniente debido a transacciones mal ejecutadas, negligencia y\/o fuera de nuestras responsabilidades, no podr\u00e1 ser reclamada a la empresa.<\/li>\n \t<li>Monsta Infinite no se responsabilizar\u00e1 por perdidas de activos por estafas, sitios que suplanten identidad o negligencia del usuario por errores en las transacciones.<\/li>\n \t<li>Los T\u00e9rminos y Condiciones de las Preventas y Ventas Estacionales de Fortune Crates, estar\u00e1n sujetas a cambios sin previo aviso.<\/li>\n<\/ol>\t\t\t\t\t\t<\/div>\n\t\t\t\t<\/div>\n\t\t\t\t\t<\/div>\n\t\t<\/div>\n\t\t\t\t\t\t\t<\/div>\n\t\t<\/section>\n\t\t\t\t<section class=\"elementor-section elementor-inner-section elementor-element elementor-element-7dba080 elementor-section-full_width elementor-section-height-default elementor-section-height-default\" data-id=\"7dba080\" data-element_type=\"section\">\n\t\t\t\t\t\t<div class=\"elementor-container elementor-column-gap-default\">\n\t\t\t\t\t<div class=\"elementor-column elementor-col-100 elementor-inner-column elementor-element elementor-element-c420fa3\" data-id=\"c420fa3\" data-element_type=\"column\">\n\t\t\t<div class=\"elementor-widget-wrap elementor-element-populated\">\n\t\t\t\t\t\t\t\t<div class=\"elementor-element elementor-element-c1f9dcf elementor-widget elementor-widget-heading\" data-id=\"c1f9dcf\" data-element_type=\"widget\" data-widget_type=\"heading.default\">\n\t\t\t\t<div class=\"elementor-widget-container\">\n\t\t\t<h2 class=\"elementor-heading-title elementor-size-default\">T\u00c9RMINOS Y CONDICIONES DE PAGOS<\/h2>\t\t<\/div>\n\t\t\t\t<\/div>\n\t\t\t\t<div class=\"elementor-element elementor-element-39c8a67 elementor-widget elementor-widget-text-editor\" data-id=\"39c8a67\" data-element_type=\"widget\" data-widget_type=\"text-editor.default\">\n\t\t\t\t<div class=\"elementor-widget-container\">\n\t\t\t\t\t\t\t<ol type=\"A\">\n \t<li class=\" translation-block\">El paquete a adquirir <span class=\"monsta-highlighted\">quedar\u00e1 bloqueado por 15 minutos<\/span> desde que se genera el c\u00f3digo QR para generar el pago.<\/li>\n \t<li class=\" translation-block\">Tendr\u00e1s <span class=\"monsta-highlighted\">15 minutos<\/span> para realizar el pago antes de que el c\u00f3digo QR expire.<\/li>\n \t<li>Despu\u00e9s de 20 minutos, una nueva compra deber\u00e1 realizarse creando un nuevo codigo QR si no se envi\u00f3 el pago dentro del tiempo establecido.<\/li>\n \t<li class=\" translation-block\">Si pagaste dentro de los 5 minutos pero obtienes el mensaje de PURCHASE FAILED, un reembolso manual se realizar\u00e1 dentro de las <span class=\"monsta-highlighted\">48 horas siguientes<\/span> a recibir el reclamo.<\/li>\n \t<li>No podr\u00e1s ser acreedor a un reembolso ni al env\u00edo de Fortune Crates si el pago se realiz\u00f3 desp\u00faes de los 15 minutos establecidos en la ventana del contador.<\/li>\n \t<li>Monsta Infinite no ser\u00e1 responsable por errores o perdida de activos durante el proceso de la transacci\u00f3n.<\/li>\n \t<li>Los T\u00e9rminos y Condiciones para pago de transacciones est\u00e1n sujetos a cambios sin previo aviso.<\/li>\n<li>La cantidad exacta que aparece en el precio deber\u00e1 pagarse en 1 sola transacci\u00f3n. El separar el pago en varias transacciones o pagar m\u00e1s de lo indicado, resultar\u00e1 en una compra fallida y no ser\u00e1s elegible para un reembolso. Por lo que no deber\u00e1s pagar de m\u00e1s en ning\u00fan caso.<\/li>\n<\/ol>\t\t\t\t\t\t<\/div>\n\t\t\t\t<\/div>\n\t\t\t\t\t<\/div>\n\t\t<\/div>\n\t\t\t\t\t\t\t<\/div>\n\t\t<\/section>\n\t\t\t\t\t<\/div>\n\t\t<\/div>\n\t\t\t\t\t\t\t<\/div>\n\t\t<\/section>\n\t\t\t\t<section class=\"elementor-section elementor-top-section elementor-element elementor-element-9caea3f elementor-section-full_width elementor-section-height-default elementor-section-height-default\" data-id=\"9caea3f\" data-element_type=\"section\">\n\t\t\t\t\t\t<div class=\"elementor-container elementor-column-gap-no\">\n\t\t\t\t\t<div class=\"elementor-column elementor-col-100 elementor-top-column elementor-element elementor-element-1901fca\" data-id=\"1901fca\" data-element_type=\"column\">\n\t\t\t<div class=\"elementor-widget-wrap elementor-element-populated\">\n\t\t\t\t\t\t\t\t<section class=\"elementor-section elementor-inner-section elementor-element elementor-element-9fd5da3 elementor-section-full_width elementor-section-height-default elementor-section-height-default\" data-id=\"9fd5da3\" data-element_type=\"section\">\n\t\t\t\t\t\t<div class=\"elementor-container elementor-column-gap-default\">\n\t\t\t\t\t<div class=\"elementor-column elementor-col-100 elementor-inner-column elementor-element elementor-element-7cda1df\" data-id=\"7cda1df\" data-element_type=\"column\">\n\t\t\t<div class=\"elementor-widget-wrap elementor-element-populated\">\n\t\t\t\t\t\t\t\t<div class=\"elementor-element elementor-element-dad85c7 elementor-widget elementor-widget-heading\" data-id=\"dad85c7\" data-element_type=\"widget\" data-widget_type=\"heading.default\">\n\t\t\t\t<div class=\"elementor-widget-container\">\n\t\t\t<h2 class=\"elementor-heading-title elementor-size-default\">1. TERMINOS Y CONDICIONES DE ARTICULOS DE JUEGO<\/h2>\t\t<\/div>\n\t\t\t\t<\/div>\n\t\t\t\t<div class=\"elementor-element elementor-element-396ea73 elementor-widget elementor-widget-text-editor\" data-id=\"396ea73\" data-element_type=\"widget\" data-widget_type=\"text-editor.default\">\n\t\t\t\t<div class=\"elementor-widget-container\">\n\t\t\t\t\t\t\t<ol type=\"A\">\n    <li class=\" translation-block\">Cada cuenta solo puede <span class=\"monsta-highlighted\">realizar 1 compra de Paquete<\/span> de Fortune Crates o Pase Mensual, no ambos.<\/li>\n    <li>Cada cuenta solo puede comprar un Pase Mensual cada 30 d\u00edas.<\/li>\n    <li>Comprar un Pase Mensual de Fortune Crates te brindar\u00e1 10 Paquetes de Fortune Crates por 30 d\u00edas, entregado 1 cada 3 d\u00edas a tu cuenta. <\/li>\n    <li>Cada venta est\u00e1 limitada a una cantidad definida de Fortune Crates. No existir\u00e1n ventas por fuera a esta cantidad predefinida en el periodo.<\/li>\n    <li>Todas las transacciones ser\u00e1n realizadas con NowPayment. Cualquier perdida de activos debido al uso de otro m\u00e9todo de pago eximen a Monsta Infinite de cualquier responsabilidad.<\/li>\n    <li>Monsta Infinite no ser\u00e1 responsable por p\u00e9rdidas de criptoactivos o moneda fiat relacionada a inversiones realizadas en Fortune Crates. Haz tu propia investigaci\u00f3n antes de adquirirlas.<\/li>\n    <li>La venta de Fortune Crates se realiza con la infraestructura de Monsta Infinite, inclu\u00eddas pero no limitadas el Marketplace y TapWar.<\/li>\n    <li>No tomaremos partida en ventas por terceros de Fortune Crates que no son los mencionados previamente arriba.<\/li>\n    <li>Desp\u00faes de completar tu compra de forma exitosa, las Fortune Crates estar\u00e1n disponibles en tu cuenta del juego.<\/li>\n    <li>Cualquier inconveniente debido a transacciones mal ejecutadas, negligencia y\/o fuera de nuestras responsabilidades, no podr\u00e1 ser reclamada a la empresa.<\/li>\n    <li>Monsta Infinite no ser\u00e1 responsable por la perdida de activos por sitios de estafas, pishing o negligencia propia.<\/li>\n    <li>Los T\u00e9rminos y Condiciones de Fortune Crates est\u00e1n sujetos a cambios sin previo aviso.<\/li>\n<\/ol>\t\t\t\t\t\t<\/div>\n\t\t\t\t<\/div>\n\t\t\t\t\t<\/div>\n\t\t<\/div>\n\t\t\t\t\t\t\t<\/div>\n\t\t<\/section>\n\t\t\t\t<section class=\"elementor-section elementor-inner-section elementor-element elementor-element-03db67c elementor-section-full_width elementor-section-height-default elementor-section-height-default\" data-id=\"03db67c\" data-element_type=\"section\">\n\t\t\t\t\t\t<div class=\"elementor-container elementor-column-gap-default\">\n\t\t\t\t\t<div class=\"elementor-column elementor-col-100 elementor-inner-column elementor-element elementor-element-7cd1008\" data-id=\"7cd1008\" data-element_type=\"column\">\n\t\t\t<div class=\"elementor-widget-wrap elementor-element-populated\">\n\t\t\t\t\t\t\t\t<div class=\"elementor-element elementor-element-e5bafd3 elementor-widget elementor-widget-heading\" data-id=\"e5bafd3\" data-element_type=\"widget\" data-widget_type=\"heading.default\">\n\t\t\t\t<div class=\"elementor-widget-container\">\n\t\t\t<h2 class=\"elementor-heading-title elementor-size-default\">T\u00c9RMINOS Y CONDICIONES DE PAGOS<\/h2>\t\t<\/div>\n\t\t\t\t<\/div>\n\t\t\t\t<div class=\"elementor-element elementor-element-16b45b1 elementor-widget elementor-widget-text-editor\" data-id=\"16b45b1\" data-element_type=\"widget\" data-widget_type=\"text-editor.default\">\n\t\t\t\t<div class=\"elementor-widget-container\">\n\t\t\t\t\t\t\t<ol type=\"A\"><li>Your intended item of purchase is <span class=\"monsta-highlighted\">quedar\u00e1 bloqueado por 5 minutos<\/span> from the moment your QR payment code has been generated.<\/li><li>You have <span class=\"monsta-highlighted\">5 minutos<\/span> to make the payment before the QR code expires.<\/li><li>After 6 minutes, a new QR code is generated, and a new purchase must be made within the time frame.<\/li><li>Si pagaste dentro de los 5 minutos pero obtienes el mensaje de PURCHASE FAILED, un reembolso manual se realizar\u00e1 dentro de las 48 siguientes a recibir el reclamo. <span class=\"monsta-highlighted\">within 48 hours<\/span> of the transaction.<\/li><li>You will not be refunded nor obtain a Fortune Crate if you made a transaction to the QR code after the 5 minute transaction window.<\/li><li>You will not be refunded nor obtain a Fortune Crate if you made a transaction to the QR code after the 5-minute transaction window.<\/li><li>La cantidad exacta que aparece en el precio deber\u00e1 pagarse en 1 sola transacci\u00f3n. El separar el pago en varias transacciones o pagar m\u00e1s de lo indicado, resultar\u00e1 en una compra fallida y no ser\u00e1s elegible para un reembolso. Por lo que no deber\u00e1s pagar de m\u00e1s en ning\u00fan caso.<\/li><li>Monsta Infinite no ser\u00e1 responsable por errores o perdida de activos durante el proceso de la transacci\u00f3n.<\/li><li>Los T\u00e9rminos y Condiciones para pago de transacciones est\u00e1n sujetos a cambios sin previo aviso.<\/li><\/ol>\t\t\t\t\t\t<\/div>\n\t\t\t\t<\/div>\n\t\t\t\t\t<\/div>\n\t\t<\/div>\n\t\t\t\t\t\t\t<\/div>\n\t\t<\/section>\n\t\t\t\t\t<\/div>\n\t\t<\/div>\n\t\t\t\t\t\t\t<\/div>\n\t\t<\/section>\n\t\t\t\t\t\t\t<\/div>","protected":false},"excerpt":{"rendered":"<p>Payment Terms &#038; Conditions 1. Game Item Terms and Conditions Each account is subjected to only 1 purchase of a Fortune Crate bundle. Each sale is limited to a set amount of Fortune Crates. No first-party sales will be conducted outside of the preset amount or sales period. All transactions will be made using the [&hellip;]<\/p>","protected":false},"author":2,"featured_media":0,"parent":0,"menu_order":0,"comment_status":"closed","ping_status":"closed","template":"","meta":{"inline_featured_image":false},"yoast_head":"<!-- This site is optimized with the Yoast SEO plugin v19.14 - https:\/\/yoast.com\/wordpress\/plugins\/seo\/ -->\n<title>Payment Terms and Conditions - Monsta Infinite<\/title>\n<meta name=\"robots\" content=\"index, follow, max-snippet:-1, max-image-preview:large, max-video-preview:-1\" \/>\n<link rel=\"canonical\" href=\"https:\/\/monstainfinite.com\/es\/payment-terms-and-conditions\/\" \/>\n<meta property=\"og:locale\" content=\"es_ES\" \/>\n<meta property=\"og:type\" content=\"article\" \/>\n<meta property=\"og:title\" content=\"Payment Terms and Conditions - Monsta Infinite\" \/>\n<meta property=\"og:description\" content=\"Payment Terms &#038; Conditions 1. Game Item Terms and Conditions Each account is subjected to only 1 purchase of a Fortune Crate bundle. Each sale is limited to a set amount of Fortune Crates. No first-party sales will be conducted outside of the preset amount or sales period. All transactions will be made using the [&hellip;]\" \/>\n<meta property=\"og:url\" content=\"https:\/\/monstainfinite.com\/es\/payment-terms-and-conditions\/\" \/>\n<meta property=\"og:site_name\" content=\"Monsta Infinite\" \/>\n<meta property=\"article:publisher\" content=\"https:\/\/www.facebook.com\/monstainfinite\/\" \/>\n<meta property=\"article:modified_time\" content=\"2023-01-12T12:19:39+00:00\" \/>\n<meta property=\"og:image\" content=\"https:\/\/websitev2-static.monstainfinite.com\/wp-content\/uploads\/2022\/08\/13022416\/monsta-sky-fighters-whitepaper.jpeg\" \/>\n\t<meta property=\"og:image:width\" content=\"754\" \/>\n\t<meta property=\"og:image:height\" content=\"486\" \/>\n\t<meta property=\"og:image:type\" content=\"image\/jpeg\" \/>\n<meta name=\"twitter:card\" content=\"summary_large_image\" \/>\n<meta name=\"twitter:site\" content=\"@Monsta_Infinite\" \/>\n<meta name=\"twitter:label1\" content=\"Tiempo de lectura\" \/>\n\t<meta name=\"twitter:data1\" content=\"4 minutos\" \/>\n<script type=\"application\/ld+json\" class=\"yoast-schema-graph\">{\"@context\":\"https:\/\/schema.org\",\"@graph\":[{\"@type\":\"WebPage\",\"@id\":\"https:\/\/monstainfinite.com\/payment-terms-and-conditions\/\",\"url\":\"https:\/\/monstainfinite.com\/payment-terms-and-conditions\/\",\"name\":\"Payment Terms and Conditions - Monsta Infinite\",\"isPartOf\":{\"@id\":\"https:\/\/54.179.233.1\/#website\"},\"datePublished\":\"2022-09-28T09:41:29+00:00\",\"dateModified\":\"2023-01-12T12:19:39+00:00\",\"inLanguage\":\"es\",\"potentialAction\":[{\"@type\":\"ReadAction\",\"target\":[\"https:\/\/monstainfinite.com\/payment-terms-and-conditions\/\"]}]},{\"@type\":\"WebSite\",\"@id\":\"https:\/\/54.179.233.1\/#website\",\"url\":\"https:\/\/54.179.233.1\/\",\"name\":\"Monsta Infinite\",\"description\":\"Monsta Infinite\",\"publisher\":{\"@id\":\"https:\/\/54.179.233.1\/#organization\"},\"potentialAction\":[{\"@type\":\"SearchAction\",\"target\":{\"@type\":\"EntryPoint\",\"urlTemplate\":\"https:\/\/54.179.233.1\/?s={search_term_string}\"},\"query-input\":\"required name=search_term_string\"}],\"inLanguage\":\"es\"},{\"@type\":\"Organization\",\"@id\":\"https:\/\/54.179.233.1\/#organization\",\"name\":\"Monsta Infinite\",\"url\":\"https:\/\/54.179.233.1\/\",\"logo\":{\"@type\":\"ImageObject\",\"inLanguage\":\"es\",\"@id\":\"https:\/\/54.179.233.1\/#\/schema\/logo\/image\/\",\"url\":\"https:\/\/websitev2-static.monstainfinite.com\/wp-content\/uploads\/2022\/04\/11051553\/DozaMonsta-Logo-Color_2x.webp\",\"contentUrl\":\"https:\/\/websitev2-static.monstainfinite.com\/wp-content\/uploads\/2022\/04\/11051553\/DozaMonsta-Logo-Color_2x.webp\",\"width\":528,\"height\":266,\"caption\":\"Monsta Infinite\"},\"image\":{\"@id\":\"https:\/\/54.179.233.1\/#\/schema\/logo\/image\/\"},\"sameAs\":[\"https:\/\/www.facebook.com\/monstainfinite\/\",\"https:\/\/twitter.com\/Monsta_Infinite\"]}]}<\/script>\n<!-- \/ Yoast SEO plugin. -->","yoast_head_json":{"title":"Payment Terms and Conditions - Monsta Infinite","robots":{"index":"index","follow":"follow","max-snippet":"max-snippet:-1","max-image-preview":"max-image-preview:large","max-video-preview":"max-video-preview:-1"},"canonical":"https:\/\/monstainfinite.com\/es\/payment-terms-and-conditions\/","og_locale":"es_ES","og_type":"article","og_title":"Payment Terms and Conditions - Monsta Infinite","og_description":"Payment Terms &#038; Conditions 1. Game Item Terms and Conditions Each account is subjected to only 1 purchase of a Fortune Crate bundle. Each sale is limited to a set amount of Fortune Crates. No first-party sales will be conducted outside of the preset amount or sales period. All transactions will be made using the [&hellip;]","og_url":"https:\/\/monstainfinite.com\/es\/payment-terms-and-conditions\/","og_site_name":"Monsta Infinite","article_publisher":"https:\/\/www.facebook.com\/monstainfinite\/","article_modified_time":"2023-01-12T12:19:39+00:00","og_image":[{"width":754,"height":486,"url":"https:\/\/websitev2-static.monstainfinite.com\/wp-content\/uploads\/2022\/08\/13022416\/monsta-sky-fighters-whitepaper.jpeg","type":"image\/jpeg"}],"twitter_card":"summary_large_image","twitter_site":"@Monsta_Infinite","twitter_misc":{"Tiempo de lectura":"4 minutos"},"schema":{"@context":"https:\/\/schema.org","@graph":[{"@type":"WebPage","@id":"https:\/\/monstainfinite.com\/payment-terms-and-conditions\/","url":"https:\/\/monstainfinite.com\/payment-terms-and-conditions\/","name":"Payment Terms and Conditions - Monsta Infinite","isPartOf":{"@id":"https:\/\/54.179.233.1\/#website"},"datePublished":"2022-09-28T09:41:29+00:00","dateModified":"2023-01-12T12:19:39+00:00","inLanguage":"es","potentialAction":[{"@type":"ReadAction","target":["https:\/\/monstainfinite.com\/payment-terms-and-conditions\/"]}]},{"@type":"WebSite","@id":"https:\/\/54.179.233.1\/#website","url":"https:\/\/54.179.233.1\/","name":"Monsta Infinite","description":"Monsta Infinite","publisher":{"@id":"https:\/\/54.179.233.1\/#organization"},"potentialAction":[{"@type":"SearchAction","target":{"@type":"EntryPoint","urlTemplate":"https:\/\/54.179.233.1\/?s={search_term_string}"},"query-input":"required name=search_term_string"}],"inLanguage":"es"},{"@type":"Organization","@id":"https:\/\/54.179.233.1\/#organization","name":"Monsta Infinite","url":"https:\/\/54.179.233.1\/","logo":{"@type":"ImageObject","inLanguage":"es","@id":"https:\/\/54.179.233.1\/#\/schema\/logo\/image\/","url":"https:\/\/websitev2-static.monstainfinite.com\/wp-content\/uploads\/2022\/04\/11051553\/DozaMonsta-Logo-Color_2x.webp","contentUrl":"https:\/\/websitev2-static.monstainfinite.com\/wp-content\/uploads\/2022\/04\/11051553\/DozaMonsta-Logo-Color_2x.webp","width":528,"height":266,"caption":"Monsta Infinite"},"image":{"@id":"https:\/\/54.179.233.1\/#\/schema\/logo\/image\/"},"sameAs":["https:\/\/www.facebook.com\/monstainfinite\/","https:\/\/twitter.com\/Monsta_Infinite"]}]}},"_links":{"self":[{"href":"https:\/\/monstainfinite.com\/es\/wp-json\/wp\/v2\/pages\/10164"}],"collection":[{"href":"https:\/\/monstainfinite.com\/es\/wp-json\/wp\/v2\/pages"}],"about":[{"href":"https:\/\/monstainfinite.com\/es\/wp-json\/wp\/v2\/types\/page"}],"author":[{"embeddable":true,"href":"https:\/\/monstainfinite.com\/es\/wp-json\/wp\/v2\/users\/2"}],"replies":[{"embeddable":true,"href":"https:\/\/monstainfinite.com\/es\/wp-json\/wp\/v2\/comments?post=10164"}],"version-history":[{"count":47,"href":"https:\/\/monstainfinite.com\/es\/wp-json\/wp\/v2\/pages\/10164\/revisions"}],"predecessor-version":[{"id":12102,"href":"https:\/\/monstainfinite.com\/es\/wp-json\/wp\/v2\/pages\/10164\/revisions\/12102"}],"wp:attachment":[{"href":"https:\/\/monstainfinite.com\/es\/wp-json\/wp\/v2\/media?parent=10164"}],"curies":[{"name":"wp","href":"https:\/\/api.w.org\/{rel}","templated":true}]}}